{"id":293,"date":"2024-11-16T16:42:25","date_gmt":"2024-11-16T15:42:25","guid":{"rendered":"https:\/\/henris-immo.sk\/?page_id=293"},"modified":"2025-03-04T09:44:21","modified_gmt":"2025-03-04T08:44:21","slug":"hivatkozasok","status":"publish","type":"page","link":"https:\/\/henris-immo.sk\/hu\/hivatkozasok\/","title":{"rendered":"Referenci\u00e1k \u00e9s egy\u00fcttm\u0171k\u00f6d\u00e9s"},"content":{"rendered":"<div data-elementor-type=\"wp-page\" data-elementor-id=\"293\" class=\"elementor elementor-293\" data-elementor-post-type=\"page\">\n\t\t\t\t<div class=\"elementor-element elementor-element-c28e949 e-flex e-con-boxed e-con e-parent\" data-id=\"c28e949\" data-element_type=\"container\">\n\t\t\t\t\t<div class=\"e-con-inner\">\n\t\t<div class=\"elementor-element elementor-element-8b42639 e-con-full e-flex e-con e-child\" data-id=\"8b42639\" data-element_type=\"container\">\n\t\t\t\t<div class=\"elementor-element elementor-element-a7c0109 elementor-widget elementor-widget-shortcode\" data-id=\"a7c0109\" data-element_type=\"widget\" data-widget_type=\"shortcode.default\">\n\t\t\t\t<div class=\"elementor-widget-container\">\n\t\t\t\t\t\t\t<div class=\"elementor-shortcode\"> <div class=\"certifikaty-popis\">C\u00e9g\u00fcnk, a HENRIS IMMO a k\u00f6vetkez\u0151 tan\u00fas\u00edtv\u00e1nyokkal \u00e9s d\u00edjakkal rendelkezik.<\/div><div class=\"certifikaty-grid\"><div class=\"certifikaty-item\"><a href=\"https:\/\/henris-immo.sk\/wp-content\/uploads\/2025\/03\/NBS-certifikat-D.-Sigetova-1.jpg\" class=\"certifikaty-link\" data-fancybox=\"gallery\"><div class=\"certifikaty-image\" style=\"background-image: url(https:\/\/henris-immo.sk\/wp-content\/uploads\/2025\/03\/NBS-certifikat-D.-Sigetova-1.jpg);\" ><div class=\"certifikaty-text\">NBS tan\u00fas\u00edtv\u00e1ny 1<\/div><\/div><\/a><\/div><div class=\"certifikaty-item\"><a href=\"https:\/\/henris-immo.sk\/wp-content\/uploads\/2025\/03\/NBS-certifikat-H.-Danasch-1.jpg\" class=\"certifikaty-link\" data-fancybox=\"gallery\"><div class=\"certifikaty-image\" style=\"background-image: url(https:\/\/henris-immo.sk\/wp-content\/uploads\/2025\/03\/NBS-certifikat-H.-Danasch-1.jpg);\" ><div class=\"certifikaty-text\">NBS tan\u00fas\u00edtv\u00e1ny 2<\/div><\/div><\/a><\/div><div class=\"certifikaty-item\"><a href=\"https:\/\/henris-immo.sk\/wp-content\/uploads\/2025\/03\/2022_952-649-159_4263-1.jpg\" class=\"certifikaty-link\" data-fancybox=\"gallery\"><div class=\"certifikaty-image\" style=\"background-image: url(https:\/\/henris-immo.sk\/wp-content\/uploads\/2025\/03\/2022_952-649-159_4263-1.jpg);\" ><div class=\"certifikaty-text\">NBS tan\u00fas\u00edtv\u00e1ny 3<\/div><\/div><\/a><\/div><div class=\"certifikaty-item\"><a href=\"https:\/\/henris-immo.sk\/wp-content\/uploads\/2025\/03\/2022_663-596-815_4262-1.jpg\" class=\"certifikaty-link\" data-fancybox=\"gallery\"><div class=\"certifikaty-image\" style=\"background-image: url(https:\/\/henris-immo.sk\/wp-content\/uploads\/2025\/03\/2022_663-596-815_4262-1.jpg);\" ><div class=\"certifikaty-text\">NBS tan\u00fas\u00edtv\u00e1ny 4<\/div><\/div><\/a><\/div><div class=\"certifikaty-item\"><a href=\"https:\/\/henris-immo.sk\/wp-content\/uploads\/2025\/03\/NARKS.jpg\" class=\"certifikaty-link\" data-fancybox=\"gallery\"><div class=\"certifikaty-image\" style=\"background-image: url(https:\/\/henris-immo.sk\/wp-content\/uploads\/2025\/03\/NARKS.jpg);\" ><div class=\"certifikaty-text\">NARKS tan\u00fas\u00edtv\u00e1ny<\/div><\/div><\/a><\/div><div class=\"certifikaty-item\"><a href=\"https:\/\/henris-immo.sk\/wp-content\/uploads\/2025\/03\/CERTIFIKAT-IT-LEARNING-H.-DANASCH.jpg\" class=\"certifikaty-link\" data-fancybox=\"gallery\"><div class=\"certifikaty-image\" style=\"background-image: url(https:\/\/henris-immo.sk\/wp-content\/uploads\/2025\/03\/CERTIFIKAT-IT-LEARNING-H.-DANASCH.jpg);\" ><div class=\"certifikaty-text\">Informatikai tanul\u00e1si tan\u00fas\u00edtv\u00e1ny 1<\/div><\/div><\/a><\/div><div class=\"certifikaty-item\"><a href=\"https:\/\/henris-immo.sk\/wp-content\/uploads\/2025\/03\/CERTIFIKAT-IT-LEARNING-D.-SIGETOVA.jpg\" class=\"certifikaty-link\" data-fancybox=\"gallery\"><div class=\"certifikaty-image\" style=\"background-image: url(https:\/\/henris-immo.sk\/wp-content\/uploads\/2025\/03\/CERTIFIKAT-IT-LEARNING-D.-SIGETOVA.jpg);\" ><div class=\"certifikaty-text\">Informatikai tanul\u00e1si tan\u00fas\u00edtv\u00e1ny 2<\/div><\/div><\/a><\/div><div class=\"certifikaty-item\"><a href=\"https:\/\/henris-immo.sk\/wp-content\/uploads\/2025\/03\/Heno-Diplom-MBA-1.jpg\" class=\"certifikaty-link\" data-fancybox=\"gallery\"><div class=\"certifikaty-image\" style=\"background-image: url(https:\/\/henris-immo.sk\/wp-content\/uploads\/2025\/03\/Heno-Diplom-MBA-1.jpg);\" ><div class=\"certifikaty-text\">MBA 1<\/div><\/div><\/a><\/div><div class=\"certifikaty-item\"><a href=\"https:\/\/henris-immo.sk\/wp-content\/uploads\/2025\/03\/Heno-Certifikat-MBA-1.jpg\" class=\"certifikaty-link\" data-fancybox=\"gallery\"><div class=\"certifikaty-image\" style=\"background-image: url(https:\/\/henris-immo.sk\/wp-content\/uploads\/2025\/03\/Heno-Certifikat-MBA-1.jpg);\" ><div class=\"certifikaty-text\">MBA 2<\/div><\/div><\/a><\/div><div class=\"certifikaty-item\"><a href=\"https:\/\/henris-immo.sk\/wp-content\/uploads\/2025\/03\/Diana-Diplom-MBA-1.jpg\" class=\"certifikaty-link\" data-fancybox=\"gallery\"><div class=\"certifikaty-image\" style=\"background-image: url(https:\/\/henris-immo.sk\/wp-content\/uploads\/2025\/03\/Diana-Diplom-MBA-1.jpg);\" ><div class=\"certifikaty-text\">MBA 3<\/div><\/div><\/a><\/div><div class=\"certifikaty-item\"><a href=\"https:\/\/henris-immo.sk\/wp-content\/uploads\/2025\/03\/Diana-Certifikat-MBA-1.jpg\" class=\"certifikaty-link\" data-fancybox=\"gallery\"><div class=\"certifikaty-image\" style=\"background-image: url(https:\/\/henris-immo.sk\/wp-content\/uploads\/2025\/03\/Diana-Certifikat-MBA-1.jpg);\" ><div class=\"certifikaty-text\">MBA 4<\/div><\/div><\/a><\/div><div class=\"certifikaty-item\"><a href=\"https:\/\/henris-immo.sk\/wp-content\/uploads\/2025\/03\/Heno-Diplom-LL.M.-1.jpg\" class=\"certifikaty-link\" data-fancybox=\"gallery\"><div class=\"certifikaty-image\" style=\"background-image: url(https:\/\/henris-immo.sk\/wp-content\/uploads\/2025\/03\/Heno-Diplom-LL.M.-1.jpg);\" ><div class=\"certifikaty-text\">LL.M. 1<\/div><\/div><\/a><\/div><div class=\"certifikaty-item\"><a href=\"https:\/\/henris-immo.sk\/wp-content\/uploads\/2025\/03\/Heno-Certifikat-LL.M.-1.jpg\" class=\"certifikaty-link\" data-fancybox=\"gallery\"><div class=\"certifikaty-image\" style=\"background-image: url(https:\/\/henris-immo.sk\/wp-content\/uploads\/2025\/03\/Heno-Certifikat-LL.M.-1.jpg);\" ><div class=\"certifikaty-text\">LL.M. 2<\/div><\/div><\/a><\/div><div class=\"certifikaty-item\"><a href=\"https:\/\/henris-immo.sk\/wp-content\/uploads\/2025\/03\/Diana-Diplom-LL.M.-1.jpg\" class=\"certifikaty-link\" data-fancybox=\"gallery\"><div class=\"certifikaty-image\" style=\"background-image: url(https:\/\/henris-immo.sk\/wp-content\/uploads\/2025\/03\/Diana-Diplom-LL.M.-1.jpg);\" ><div class=\"certifikaty-text\">LL.M. 3<\/div><\/div><\/a><\/div><div class=\"certifikaty-item\"><a href=\"https:\/\/henris-immo.sk\/wp-content\/uploads\/2025\/03\/Diana-Certifikat-LL.M.-1.jpg\" class=\"certifikaty-link\" data-fancybox=\"gallery\"><div class=\"certifikaty-image\" style=\"background-image: url(https:\/\/henris-immo.sk\/wp-content\/uploads\/2025\/03\/Diana-Certifikat-LL.M.-1.jpg);\" ><div class=\"certifikaty-text\">LL.M. 4<\/div><\/div><\/a><\/div><\/div><\/div>\n\t\t\t\t\t\t<\/div>\n\t\t\t\t<\/div>\n\t\t\t\t<\/div>\n\t\t\t\t\t<\/div>\n\t\t\t\t<\/div>\n\t\t<div class=\"elementor-element elementor-element-e2404a5 e-flex e-con-boxed e-con e-parent\" data-id=\"e2404a5\" data-element_type=\"container\">\n\t\t\t\t\t<div class=\"e-con-inner\">\n\t\t<div class=\"elementor-element elementor-element-3b9974f e-con-full e-flex e-con e-child\" data-id=\"3b9974f\" data-element_type=\"container\">\n\t\t\t\t<div class=\"elementor-element elementor-element-36f201d elementor-widget elementor-widget-shortcode\" data-id=\"36f201d\" data-element_type=\"widget\" data-widget_type=\"shortcode.default\">\n\t\t\t\t<div class=\"elementor-widget-container\">\n\t\t\t\t\t\t\t<div class=\"elementor-shortcode\"><div class=\"loga-partnerov-popis\">V\u00e1llalatunk leghat\u00e9konyabb m\u0171k\u00f6d\u00e9s\u00e9hez sz\u00fcks\u00e9g van a piacunkon m\u0171k\u00f6d\u0151 k\u00fcl\u00f6nb\u00f6z\u0151 v\u00e1llalatokkal val\u00f3 egy\u00fcttm\u0171k\u00f6d\u00e9sre. Az egy\u00fcttm\u0171k\u00f6d\u00e9s mindenekel\u0151tt bizalmat, a kommunik\u00e1ci\u00f3 nyitotts\u00e1g\u00e1t, hat\u00e9konys\u00e1got, a csoport fejl\u0151d\u00e9s\u00e9t \u00e9s szem\u00e9lyes el\u00e9gedetts\u00e9get hoz mag\u00e1val. Sikeresen tudtunk hossz\u00fa t\u00e1v\u00fa egy\u00fcttm\u0171k\u00f6d\u00e9st kialak\u00edtani k\u00fcl\u00f6nb\u00f6z\u0151 t\u00edpus\u00fa c\u00e9gekkel, legyen sz\u00f3 az \u00e9p\u00edt\u0151iparban m\u0171k\u00f6d\u0151 v\u00e1llalatokr\u00f3l, \u00fczletekr\u0151l, rangos iskol\u00e1kr\u00f3l, sz\u00e1llod\u00e1kr\u00f3l, orvosl\u00e1sr\u00f3l, k\u00e9zm\u0171vesekr\u0151l, \u00e9ttermekr\u0151l, valamint k\u00fcl\u00f6nb\u00f6z\u0151 \u00fcgyf\u00e9lszolg\u00e1latokr\u00f3l.<\/div><div class=\"loga-partnerov-grid\"><div class=\"loga-partnerov-item\"><img decoding=\"async\" src=\"https:\/\/henris-immo.sk\/wp-content\/uploads\/2024\/11\/Group-1402.png\" alt=\"\" class=\"loga-partnerov-logo\" \/><\/div><div class=\"loga-partnerov-item\"><img decoding=\"async\" src=\"https:\/\/henris-immo.sk\/wp-content\/uploads\/2024\/11\/9f33e0995baa721df1591854a8fff7e83ca49870.original-1.png\" alt=\"\" class=\"loga-partnerov-logo\" \/><\/div><div class=\"loga-partnerov-item\"><img decoding=\"async\" src=\"https:\/\/henris-immo.sk\/wp-content\/uploads\/2024\/11\/logo-na-web-1.png\" alt=\"\" class=\"loga-partnerov-logo\" \/><\/div><div class=\"loga-partnerov-item\"><img decoding=\"async\" src=\"https:\/\/henris-immo.sk\/wp-content\/uploads\/2024\/11\/stiahnuC5A52028829-1.png\" alt=\"\" class=\"loga-partnerov-logo\" \/><\/div><div class=\"loga-partnerov-item\"><img decoding=\"async\" src=\"https:\/\/henris-immo.sk\/wp-content\/uploads\/2024\/11\/unnamed-2-1.png\" alt=\"\" class=\"loga-partnerov-logo\" \/><\/div><div class=\"loga-partnerov-item\"><img decoding=\"async\" src=\"https:\/\/henris-immo.sk\/wp-content\/uploads\/2024\/11\/logo-sede-300x109-1.png\" alt=\"\" class=\"loga-partnerov-logo\" \/><\/div><div class=\"loga-partnerov-item\"><img decoding=\"async\" src=\"https:\/\/henris-immo.sk\/wp-content\/uploads\/2024\/11\/cabCompanyLogo_162-1.png\" alt=\"\" class=\"loga-partnerov-logo\" \/><\/div><div class=\"loga-partnerov-item\"><img decoding=\"async\" src=\"https:\/\/henris-immo.sk\/wp-content\/uploads\/2024\/11\/Background-1.png\" alt=\"\" class=\"loga-partnerov-logo\" \/><\/div><\/div><\/div>\n\t\t\t\t\t\t<\/div>\n\t\t\t\t<\/div>\n\t\t\t\t<\/div>\n\t\t\t\t\t<\/div>\n\t\t\t\t<\/div>\n\t\t\t\t<\/div>","protected":false},"excerpt":{"rendered":"<p>[partner_log\u00f3k_le\u00edr\u00e1ssal_megnevez\u00e9ssel]<\/p>","protected":false},"author":1,"featured_media":1722,"parent":0,"menu_order":0,"comment_status":"closed","ping_status":"closed","template":"","meta":{"_acf_changed":false,"footnotes":""},"class_list":["post-293","page","type-page","status-publish","has-post-thumbnail","hentry"],"acf":[],"_links":{"self":[{"href":"https:\/\/henris-immo.sk\/hu\/wp-json\/wp\/v2\/pages\/293","targetHints":{"allow":["GET"]}}],"collection":[{"href":"https:\/\/henris-immo.sk\/hu\/wp-json\/wp\/v2\/pages"}],"about":[{"href":"https:\/\/henris-immo.sk\/hu\/wp-json\/wp\/v2\/types\/page"}],"author":[{"embeddable":true,"href":"https:\/\/henris-immo.sk\/hu\/wp-json\/wp\/v2\/users\/1"}],"replies":[{"embeddable":true,"href":"https:\/\/henris-immo.sk\/hu\/wp-json\/wp\/v2\/comments?post=293"}],"version-history":[{"count":38,"href":"https:\/\/henris-immo.sk\/hu\/wp-json\/wp\/v2\/pages\/293\/revisions"}],"predecessor-version":[{"id":1862,"href":"https:\/\/henris-immo.sk\/hu\/wp-json\/wp\/v2\/pages\/293\/revisions\/1862"}],"wp:featuredmedia":[{"embeddable":true,"href":"https:\/\/henris-immo.sk\/hu\/wp-json\/wp\/v2\/media\/1722"}],"wp:attachment":[{"href":"https:\/\/henris-immo.sk\/hu\/wp-json\/wp\/v2\/media?parent=293"}],"curies":[{"name":"wp","href":"https:\/\/api.w.org\/{rel}","templated":true}]}}