{"id":291,"date":"2024-11-16T16:42:15","date_gmt":"2024-11-16T15:42:15","guid":{"rendered":"https:\/\/henris-immo.sk\/?page_id=291"},"modified":"2025-11-06T10:28:55","modified_gmt":"2025-11-06T09:28:55","slug":"kapcsolat","status":"publish","type":"page","link":"https:\/\/henris-immo.sk\/hu\/kapcsolat\/","title":{"rendered":"Kapcsolat"},"content":{"rendered":"<div data-elementor-type=\"wp-page\" data-elementor-id=\"291\" class=\"elementor elementor-291\" data-elementor-post-type=\"page\">\n\t\t\t\t<div class=\"elementor-element elementor-element-f2d7b4c e-flex e-con-boxed e-con e-parent\" data-id=\"f2d7b4c\" data-element_type=\"container\">\n\t\t\t\t\t<div class=\"e-con-inner\">\n\t\t<div class=\"elementor-element elementor-element-7a35358 e-con-full e-flex e-con e-child\" data-id=\"7a35358\" data-element_type=\"container\">\n\t\t<div class=\"elementor-element elementor-element-8fdf9fb e-con-full e-flex e-con e-child\" data-id=\"8fdf9fb\" data-element_type=\"container\">\n\t\t\t\t<div class=\"elementor-element elementor-element-50e0790 elementor-widget elementor-widget-heading\" data-id=\"50e0790\" data-element_type=\"widget\" data-widget_type=\"heading.default\">\n\t\t\t\t<div class=\"elementor-widget-container\">\n\t\t\t\t\t<h2 class=\"elementor-heading-title elementor-size-default\">Hogyan l\u00e9pjen kapcsolatba vel\u00fcnk<\/h2>\t\t\t\t<\/div>\n\t\t\t\t<\/div>\n\t\t<div class=\"elementor-element elementor-element-88ad17a e-con-full e-flex e-con e-child\" data-id=\"88ad17a\" data-element_type=\"container\">\n\t\t\t\t<div class=\"elementor-element elementor-element-9ef1f55 elementor-position-left elementor-view-default elementor-mobile-position-top elementor-vertical-align-top elementor-widget elementor-widget-icon-box\" data-id=\"9ef1f55\" data-element_type=\"widget\" data-widget_type=\"icon-box.default\">\n\t\t\t\t<div class=\"elementor-widget-container\">\n\t\t\t\t\t\t\t<div class=\"elementor-icon-box-wrapper\">\n\n\t\t\t\t\t\t<div class=\"elementor-icon-box-icon\">\n\t\t\t\t<span  class=\"elementor-icon\">\n\t\t\t\t<svg xmlns=\"http:\/\/www.w3.org\/2000\/svg\" width=\"18\" height=\"18\" viewbox=\"0 0 18 18\" fill=\"none\"><path d=\"M8.67863 2.57917L2.57917 8.67863C0.473611 10.7842 0.473611 14.1974 2.57917 16.3029L2.96038 16.6842C3.38149 17.1053 4.06414 17.1053 4.48525 16.6842L6.39133 14.7781C6.81244 14.357 6.81244 13.6743 6.39133 13.2532L5.27428 12.1362C4.85317 11.7151 4.85317 11.0324 5.27428 10.6113L10.2301 5.65549C10.6512 5.23438 11.3338 5.23438 11.755 5.65549L12.872 6.77254C13.2931 7.19366 13.9758 7.19366 14.3969 6.77254L16.6842 4.48525C17.1053 4.06414 17.1053 3.38149 16.6842 2.96038L16.3029 2.57917C14.1974 0.473611 10.7842 0.473611 8.67863 2.57917Z\" stroke=\"white\" stroke-miterlimit=\"10\"><\/path><\/svg>\t\t\t\t<\/span>\n\t\t\t<\/div>\n\t\t\t\n\t\t\t\t\t\t<div class=\"elementor-icon-box-content\">\n\n\t\t\t\t\t\t\t\t\t<h3 class=\"elementor-icon-box-title\">\n\t\t\t\t\t\t<span  >\n\t\t\t\t\t\t\tA forr\u00f3dr\u00f3tunk\t\t\t\t\t\t<\/span>\n\t\t\t\t\t<\/h3>\n\t\t\t\t\n\t\t\t\t\t\t\t\t\t<p class=\"elementor-icon-box-description\">\n\t\t\t\t\t\t<a href=\"tel:+421 917 22 22 20\" class=\"footer-heading animated-arrow\">+421 917 22 22 20<\/a>\t\t\t\t\t<\/p>\n\t\t\t\t\n\t\t\t<\/div>\n\t\t\t\n\t\t<\/div>\n\t\t\t\t\t\t<\/div>\n\t\t\t\t<\/div>\n\t\t\t\t<div class=\"elementor-element elementor-element-978ab9d elementor-position-left elementor-view-default elementor-mobile-position-top elementor-vertical-align-top elementor-widget elementor-widget-icon-box\" data-id=\"978ab9d\" data-element_type=\"widget\" data-widget_type=\"icon-box.default\">\n\t\t\t\t<div class=\"elementor-widget-container\">\n\t\t\t\t\t\t\t<div class=\"elementor-icon-box-wrapper\">\n\n\t\t\t\t\t\t<div class=\"elementor-icon-box-icon\">\n\t\t\t\t<span  class=\"elementor-icon\">\n\t\t\t\t<svg xmlns=\"http:\/\/www.w3.org\/2000\/svg\" width=\"19\" height=\"14\" viewbox=\"0 0 19 14\" fill=\"none\"><path d=\"M17.8 1H1V13H17.8V1Z\" stroke=\"white\" stroke-miterlimit=\"10\"><\/path><path d=\"M1 1L9.4 9L17.8 1\" stroke=\"white\" stroke-miterlimit=\"10\"><\/path><\/svg>\t\t\t\t<\/span>\n\t\t\t<\/div>\n\t\t\t\n\t\t\t\t\t\t<div class=\"elementor-icon-box-content\">\n\n\t\t\t\t\t\t\t\t\t<h3 class=\"elementor-icon-box-title\">\n\t\t\t\t\t\t<span  >\n\t\t\t\t\t\t\tE-mail c\u00edm\u00fcnk\t\t\t\t\t\t<\/span>\n\t\t\t\t\t<\/h3>\n\t\t\t\t\n\t\t\t\t\t\t\t\t\t<p class=\"elementor-icon-box-description\">\n\t\t\t\t\t\t<a href=\"mailto:info@henris-immo.sk\" class=\"footer-heading animated-arrow\">info@henris-immo.sk<\/a>\t\t\t\t\t<\/p>\n\t\t\t\t\n\t\t\t<\/div>\n\t\t\t\n\t\t<\/div>\n\t\t\t\t\t\t<\/div>\n\t\t\t\t<\/div>\n\t\t\t\t<\/div>\n\t\t\t\t<\/div>\n\t\t<div class=\"elementor-element elementor-element-e304d88 e-con-full e-flex e-con e-child\" data-id=\"e304d88\" data-element_type=\"container\">\n\t\t\t\t<div class=\"elementor-element elementor-element-e14d261 elementor-widget elementor-widget-heading\" data-id=\"e14d261\" data-element_type=\"widget\" data-widget_type=\"heading.default\">\n\t\t\t\t<div class=\"elementor-widget-container\">\n\t\t\t\t\t<h2 class=\"elementor-heading-title elementor-size-default\">A v\u00e1llalat sz\u00e9khelye<\/h2>\t\t\t\t<\/div>\n\t\t\t\t<\/div>\n\t\t\t\t<div class=\"elementor-element elementor-element-9d94337 elementor-widget elementor-widget-text-editor\" data-id=\"9d94337\" data-element_type=\"widget\" data-widget_type=\"text-editor.default\">\n\t\t\t\t<div class=\"elementor-widget-container\">\n\t\t\t\t\t\t\t\t\t<p>A v\u00e1llalat sz\u00e9khelye<br \/>\nHENRIS IMMO s.r.o.<br \/>\nDr. Vladim\u00edr Clementis 10<br \/>\nSK-821 02 Pozsony 2<br \/>\nSzlov\u00e1kia<br \/>\n(a k\u00f6zpontban nem fogadunk l\u00e1togat\u00f3kat)<\/p>\n\t\t\t\t\t\t\t\t<\/div>\n\t\t\t\t<\/div>\n\t\t\t\t<\/div>\n\t\t<div class=\"elementor-element elementor-element-d478b50 e-con-full e-flex e-con e-child\" data-id=\"d478b50\" data-element_type=\"container\">\n\t\t\t\t<div class=\"elementor-element elementor-element-62b0e8a elementor-widget elementor-widget-heading\" data-id=\"62b0e8a\" data-element_type=\"widget\" data-widget_type=\"heading.default\">\n\t\t\t\t<div class=\"elementor-widget-container\">\n\t\t\t\t\t<h2 class=\"elementor-heading-title elementor-size-default\">Irodai m\u0171k\u00f6d\u00e9s<\/h2>\t\t\t\t<\/div>\n\t\t\t\t<\/div>\n\t\t\t\t<div data-dce-advanced-background-color=\"#1E1E1E\" class=\"elementor-element elementor-element-19a54bb elementor-widget elementor-widget-text-editor\" data-id=\"19a54bb\" data-element_type=\"widget\" data-widget_type=\"text-editor.default\">\n\t\t\t\t<div class=\"elementor-widget-container\">\n\t\t\t\t\t\t\t\t\t<p><strong style=\"font-size: 18px;\">\u00c9rtes\u00edt\u00e9s az \u00fcgyfeleknek<\/strong><\/p><p><br \/>F\u0151 irod\u00e1nk hely\u00e9n \u00faj \u00e9p\u00fclet \u00e9p\u00fcl, amely elk\u00e9sz\u00fclt\u00e9vel \u00faj, modern helyis\u00e9get biztos\u00edt sz\u00e1munkra. A fenti c\u00edmre val\u00f3 visszat\u00e9r\u00e9s v\u00e1rhat\u00f3 id\u0151pontja 12\/2026.<strong> Visszat\u00e9r\u00e9si c\u00edm:<\/strong><\/p>\t\t\t\t\t\t\t\t<\/div>\n\t\t\t\t<\/div>\n\t\t\t\t<div class=\"elementor-element elementor-element-f2e01e8 elementor-widget elementor-widget-text-editor\" data-id=\"f2e01e8\" data-element_type=\"widget\" data-widget_type=\"text-editor.default\">\n\t\t\t\t<div class=\"elementor-widget-container\">\n\t\t\t\t\t\t\t\t\t<p>HENRIS IMMO s.r.o.<br \/>\nSabinovsk\u00e1 15<br \/>\nHatty\u00fa objektum a \u0160trkovec t\u00f3n\u00e1l<br \/>\nSK-821 03 Pozsony 2<br \/>\nSzlov\u00e1kia<\/p>\n<p>\u00dcgyfeleink sz\u00e1m\u00e1ra parkol\u00f3helyeket biztos\u00edtunk az \u00e9p\u00fclet el\u0151tt.<\/p>\n\t\t\t\t\t\t\t\t<\/div>\n\t\t\t\t<\/div>\n\t\t\t\t<\/div>\n\t\t\t\t<div class=\"elementor-element elementor-element-1585a9e elementor-widget elementor-widget-n-accordion\" data-id=\"1585a9e\" data-element_type=\"widget\" data-settings=\"{&quot;default_state&quot;:&quot;all_collapsed&quot;,&quot;max_items_expended&quot;:&quot;one&quot;,&quot;n_accordion_animation_duration&quot;:{&quot;unit&quot;:&quot;ms&quot;,&quot;size&quot;:400,&quot;sizes&quot;:[]}}\" data-widget_type=\"nested-accordion.default\">\n\t\t\t\t<div class=\"elementor-widget-container\">\n\t\t\t\t\t\t\t<div class=\"e-n-accordion\" aria-label=\"Harmonika. A linkeket az Enter vagy a sz\u00f3k\u00f6z billenty\u0171vel nyithatja meg, az Escape billenty\u0171vel z\u00e1rhatja be, \u00e9s a ny\u00edlbillenty\u0171kkel navig\u00e1lhat.\">\n\t\t\t\t\t\t<details id=\"e-n-accordion-item-2250\" class=\"e-n-accordion-item\" >\n\t\t\t\t<summary class=\"e-n-accordion-item-title\" data-accordion-index=\"1\" tabindex=\"0\" aria-expanded=\"false\" aria-controls=\"e-n-accordion-item-2250\" >\n\t\t\t\t\t<span class='e-n-accordion-item-title-header'><div class=\"e-n-accordion-item-title-text\"> Nyitva tart\u00e1s <\/div><\/span>\n\t\t\t\t\t\t\t<span class='e-n-accordion-item-title-icon'>\n\t\t\t<span class='e-opened' ><svg aria-hidden=\"true\" class=\"e-font-icon-svg e-fas-minus\" viewbox=\"0 0 448 512\" xmlns=\"http:\/\/www.w3.org\/2000\/svg\"><path d=\"M416 208H32c-17.67 0-32 14.33-32 32v32c0 17.67 14.33 32 32 32h384c17.67 0 32-14.33 32-32v-32c0-17.67-14.33-32-32-32z\"><\/path><\/svg><\/span>\n\t\t\t<span class='e-closed'><svg xmlns=\"http:\/\/www.w3.org\/2000\/svg\" width=\"13\" height=\"8\" viewbox=\"0 0 13 8\" fill=\"none\"><path d=\"M12.1992 1L6.59922 6.6L0.999219 1\" stroke=\"white\" stroke-linecap=\"square\"><\/path><\/svg><\/span>\n\t\t<\/span>\n\n\t\t\t\t\t\t<\/summary>\n\t\t\t\t<div role=\"region\" aria-labelledby=\"e-n-accordion-item-2250\" class=\"elementor-element elementor-element-1abd41c e-con-full e-flex e-con e-child\" data-id=\"1abd41c\" data-element_type=\"container\">\n\t\t\t\t<div class=\"elementor-element elementor-element-bc7a137 elementor-widget elementor-widget-text-editor\" data-id=\"bc7a137\" data-element_type=\"widget\" data-widget_type=\"text-editor.default\">\n\t\t\t\t<div class=\"elementor-widget-container\">\n\t\t\t\t\t\t\t\t\t<p>C\u00e9g\u00fcnk, a HENRIS IMMO nem rendelkezik hagyom\u00e1nyos, r\u00f6gz\u00edtett nyitvatart\u00e1si id\u0151vel. Tiszt\u00e1ban vagyunk \u00fcgyfeleink egy\u00e9ni ig\u00e9nyeivel, ez\u00e9rt rugalmas, minden \u00fcgyf\u00e9l sz\u00e1m\u00e1ra fenntartott nyitvatart\u00e1si id\u0151t k\u00edn\u00e1lunk. Id\u0151pontok \u00e9s konzult\u00e1ci\u00f3k k\u00f6z\u00f6s megegyez\u00e9ssel, telefonos vagy e-mailes kommunik\u00e1ci\u00f3 alapj\u00e1n egyeztethet\u0151k.<br \/>\nAz \u00d6n maxim\u00e1lis el\u00e9gedetts\u00e9ge \u00e9rdek\u00e9ben az id\u0151pontok 05:00 \u00e9s 22:00 k\u00f6z\u00f6tt foglalhat\u00f3k, \u00e9s eg\u00e9sz h\u00e9ten \u00e9rv\u00e9nyesek, bele\u00e9rtve a h\u00e9tv\u00e9g\u00e9ket \u00e9s az \u00fcnnepnapokat is.<br \/>\nSz\u00edvesen tal\u00e1lkozunk \u00d6nnel az \u00d6n ig\u00e9nyeinek legmegfelel\u0151bb id\u0151pontban.<\/p>\n\t\t\t\t\t\t\t\t<\/div>\n\t\t\t\t<\/div>\n\t\t\t\t<\/div>\n\t\t\t\t\t<\/details>\n\t\t\t\t\t<\/div>\n\t\t\t\t\t\t<\/div>\n\t\t\t\t<\/div>\n\t\t\t\t<\/div>\n\t\t<div class=\"elementor-element elementor-element-3e75e7e e-con-full e-flex e-con e-child\" data-id=\"3e75e7e\" data-element_type=\"container\">\n\t\t\t\t<div class=\"elementor-element elementor-element-cd4e05e elementor-absolute elementor-widget elementor-widget-button\" data-id=\"cd4e05e\" data-element_type=\"widget\" data-settings=\"{&quot;_position&quot;:&quot;absolute&quot;}\" data-widget_type=\"button.default\">\n\t\t\t\t<div class=\"elementor-widget-container\">\n\t\t\t\t\t\t\t\t\t<div class=\"elementor-button-wrapper\">\n\t\t\t\t\t<a class=\"elementor-button elementor-button-link elementor-size-sm\" href=\"https:\/\/maps.google.com\/maps\/dir\/\/HENRIS-IMMO+s.r.o.+Dr.+Vladim%C3%ADra+Clementisa+10+Doktor+Vladim%C3%ADra+Clementisa+3222%2F10+821+02+Bratislava\/@48.1597589,17.1649751,16z\/data=!4m5!4m4!1m0!1m2!1m1!1s0x476c8f2909cb24e3:0xb38d43a76b5418d3\" target=\"_blank\">\n\t\t\t\t\t\t<span class=\"elementor-button-content-wrapper\">\n\t\t\t\t\t\t<span class=\"elementor-button-icon\">\n\t\t\t\t<svg xmlns=\"http:\/\/www.w3.org\/2000\/svg\" width=\"15\" height=\"13\" viewbox=\"0 0 15 13\" fill=\"none\"><path d=\"M8.40039 1L14.0004 6.6L8.40039 12.2\" stroke=\"white\" stroke-linecap=\"square\"><\/path><path d=\"M13 6.6001L1 6.6001\" stroke=\"white\" stroke-linecap=\"square\"><\/path><\/svg>\t\t\t<\/span>\n\t\t\t\t\t\t\t\t\t<span class=\"elementor-button-text\">Navig\u00e1l\u00e1s<\/span>\n\t\t\t\t\t<\/span>\n\t\t\t\t\t<\/a>\n\t\t\t\t<\/div>\n\t\t\t\t\t\t\t\t<\/div>\n\t\t\t\t<\/div>\n\t\t\t\t<div class=\"elementor-element elementor-element-8e43ff0 elementor-widget elementor-widget-google_maps\" data-id=\"8e43ff0\" data-element_type=\"widget\" data-widget_type=\"google_maps.default\">\n\t\t\t\t<div class=\"elementor-widget-container\">\n\t\t\t\t\t\t\t<div class=\"elementor-custom-embed\">\n\t\t\t<iframe loading=\"lazy\"\n\t\t\t\t\tsrc=\"https:\/\/maps.google.com\/maps?q=Sabinovsk%C3%A1%201948%2F15%20821%2003%20Bratislava&#038;t=m&#038;z=17&#038;output=embed&#038;iwloc=near\"\n\t\t\t\t\ttitle=\"Sabinovsk\u00e1 1948\/15 821 03 Bratislava\"\n\t\t\t\t\taria-label=\"Sabinovsk\u00e1 1948\/15 821 03 Bratislava\"\n\t\t\t><\/iframe>\n\t\t<\/div>\n\t\t\t\t\t\t<\/div>\n\t\t\t\t<\/div>\n\t\t\t\t<\/div>\n\t\t\t\t\t<\/div>\n\t\t\t\t<\/div>\n\t\t<div class=\"elementor-element elementor-element-27f22e6 e-flex e-con-boxed e-con e-parent\" data-id=\"27f22e6\" data-element_type=\"container\">\n\t\t\t\t\t<div class=\"e-con-inner\">\n\t\t\t\t<div class=\"elementor-element elementor-element-f63159e elementor-widget elementor-widget-heading\" data-id=\"f63159e\" data-element_type=\"widget\" data-widget_type=\"heading.default\">\n\t\t\t\t<div class=\"elementor-widget-container\">\n\t\t\t\t\t<h2 class=\"elementor-heading-title elementor-size-default\">\u00cdrjon nek\u00fcnk<\/h2>\t\t\t\t<\/div>\n\t\t\t\t<\/div>\n\t\t\t\t<div class=\"elementor-element elementor-element-193035a elementor-widget elementor-widget-text-editor\" data-id=\"193035a\" data-element_type=\"widget\" data-widget_type=\"text-editor.default\">\n\t\t\t\t<div class=\"elementor-widget-container\">\n\t\t\t\t\t\t\t\t\t<p class=\"p1\">Ezen a kapcsolatfelv\u00e9teli \u0171rlapon kereszt\u00fcl is kapcsolatba l\u00e9phet vel\u00fcnk b\u00e1rmilyen, a m\u0171k\u00f6d\u00e9si ter\u00fclet\u00fcnk\u00f6n felmer\u00fcl\u0151 k\u00e9rd\u00e9sben:<\/p>\t\t\t\t\t\t\t\t<\/div>\n\t\t\t\t<\/div>\n\t\t\t\t<div class=\"elementor-element elementor-element-a53b5d5 elementor-button-align-end elementor-mobile-button-align-stretch elementor-widget elementor-widget-form\" data-id=\"a53b5d5\" data-element_type=\"widget\" data-settings=\"{&quot;step_next_label&quot;:&quot;Next&quot;,&quot;step_previous_label&quot;:&quot;Previous&quot;,&quot;button_width&quot;:&quot;25&quot;,&quot;button_width_tablet&quot;:&quot;100&quot;,&quot;step_type&quot;:&quot;number_text&quot;,&quot;step_icon_shape&quot;:&quot;circle&quot;}\" data-widget_type=\"form.default\">\n\t\t\t\t<div class=\"elementor-widget-container\">\n\t\t\t\t\t\t\t<form class=\"elementor-form\" method=\"post\" name=\"New Form\" action=\"\">\n\t\t\t<input type=\"hidden\" name=\"post_id\" value=\"291\"\/>\n\t\t\t<input type=\"hidden\" name=\"form_id\" value=\"a53b5d5\"\/>\n\t\t\t<input type=\"hidden\" name=\"referer_title\" value=\"Kontakt | HENRIS IMMO\" \/>\n\n\t\t\t\t\t\t\t<input type=\"hidden\" name=\"queried_id\" value=\"291\"\/>\n\t\t\t\n\t\t\t<div class=\"elementor-form-fields-wrapper elementor-labels-\">\n\t\t\t\t\t\t\t\t<div class=\"elementor-field-type-recaptcha_v3 elementor-field-group elementor-column elementor-field-group-field_48dcd5d elementor-col-100 recaptcha_v3-inline\">\n\t\t\t\t\t<div class=\"elementor-field\" id=\"form-field-field_48dcd5d\"><div class=\"elementor-g-recaptcha\" data-sitekey=\"6LcR9O8qAAAAAORmx0T6pAEp_YJYNg3ua2Ib9hY0\" data-type=\"v3\" data-action=\"Form\" data-badge=\"inline\" data-size=\"invisible\"><\/div><\/div>\t\t\t\t<\/div>\n\t\t\t\t\t\t\t\t<div class=\"elementor-field-type-text elementor-field-group elementor-column elementor-field-group-name elementor-col-33\">\n\t\t\t\t\t\t\t\t\t\t\t\t<label for=\"form-field-name\" class=\"elementor-field-label elementor-screen-only\">\n\t\t\t\t\t\t\t\tN\u00e9v*\t\t\t\t\t\t\t<\/label>\n\t\t\t\t\t\t\t\t\t\t\t\t\t\t<input size=\"1\" type=\"text\" name=\"form_fields[name]\" id=\"form-field-name\" class=\"elementor-field elementor-size-sm  elementor-field-textual\" placeholder=\"N\u00e9v \u00e9s vezet\u00e9kn\u00e9v*\">\n\t\t\t\t\t\t\t\t\t\t\t<\/div>\n\t\t\t\t\t\t\t\t<div class=\"elementor-field-type-email elementor-field-group elementor-column elementor-field-group-email elementor-col-33 elementor-field-required\">\n\t\t\t\t\t\t\t\t\t\t\t\t<label for=\"form-field-email\" class=\"elementor-field-label elementor-screen-only\">\n\t\t\t\t\t\t\t\tE-mail\t\t\t\t\t\t\t<\/label>\n\t\t\t\t\t\t\t\t\t\t\t\t\t\t<input size=\"1\" type=\"email\" name=\"form_fields[email]\" id=\"form-field-email\" class=\"elementor-field elementor-size-sm  elementor-field-textual\" placeholder=\"E-mail\" required=\"required\">\n\t\t\t\t\t\t\t\t\t\t\t<\/div>\n\t\t\t\t\t\t\t\t<div class=\"elementor-field-type-tel elementor-field-group elementor-column elementor-field-group-field_70e7737 elementor-col-33\">\n\t\t\t\t\t\t\t\t\t\t\t\t<label for=\"form-field-field_70e7737\" class=\"elementor-field-label elementor-screen-only\">\n\t\t\t\t\t\t\t\tMobil*\t\t\t\t\t\t\t<\/label>\n\t\t\t\t\t\t\t\t<input size=\"1\" type=\"tel\" name=\"form_fields[field_70e7737]\" id=\"form-field-field_70e7737\" class=\"elementor-field elementor-size-sm  elementor-field-textual\" placeholder=\"Mobil*\" pattern=\"[0-9()#&amp;+*-=.]+\" title=\"Csak a sz\u00e1mok \u00e9s a telefonos karakterek (#, -, * stb.) fogadhat\u00f3k el.\">\n\n\t\t\t\t\t\t<\/div>\n\t\t\t\t\t\t\t\t<div class=\"elementor-field-type-text elementor-field-group elementor-column elementor-field-group-field_b7423ac elementor-col-50\">\n\t\t\t\t\t\t\t\t\t\t\t\t<label for=\"form-field-field_b7423ac\" class=\"elementor-field-label elementor-screen-only\">\n\t\t\t\t\t\t\t\tC\u00edm*\t\t\t\t\t\t\t<\/label>\n\t\t\t\t\t\t\t\t\t\t\t\t\t\t<input size=\"1\" type=\"text\" name=\"form_fields[field_b7423ac]\" id=\"form-field-field_b7423ac\" class=\"elementor-field elementor-size-sm  elementor-field-textual\" placeholder=\"C\u00edm*\">\n\t\t\t\t\t\t\t\t\t\t\t<\/div>\n\t\t\t\t\t\t\t\t<div class=\"elementor-field-type-select elementor-field-group elementor-column elementor-field-group-field_1a9d806 elementor-col-50\">\n\t\t\t\t\t\t\t\t\t\t\t\t<label for=\"form-field-field_1a9d806\" class=\"elementor-field-label elementor-screen-only\">\n\t\t\t\t\t\t\t\tA szolg\u00e1ltat\u00e1s kiv\u00e1laszt\u00e1sa\t\t\t\t\t\t\t<\/label>\n\t\t\t\t\t\t\t\t<div class=\"elementor-field elementor-select-wrapper remove-before\">\n\t\t\t<div class=\"select-caret-down-wrapper\">\n\t\t\t\t<svg aria-hidden=\"true\" class=\"e-font-icon-svg e-eicon-caret-down\" viewbox=\"0 0 571.4 571.4\" xmlns=\"http:\/\/www.w3.org\/2000\/svg\"><path d=\"M571 393Q571 407 561 418L311 668Q300 679 286 679T261 668L11 418Q0 407 0 393T11 368 36 357H536Q550 357 561 368T571 393Z\"><\/path><\/svg>\t\t\t<\/div>\n\t\t\t<select name=\"form_fields[field_1a9d806]\" id=\"form-field-field_1a9d806\" class=\"elementor-field-textual elementor-size-sm\">\n\t\t\t\t\t\t\t\t\t<option value=\"V\u00fdber slu\u017eby*\">Szolg\u00e1ltat\u00e1s kiv\u00e1laszt\u00e1sa*<\/option>\n\t\t\t\t\t\t\t\t\t<option value=\"Zabezpe\u010denie pr\u00e1vnej \u010dinnosti\">A jogszer\u0171 tev\u00e9kenys\u00e9gek biztos\u00edt\u00e1sa<\/option>\n\t\t\t\t\t\t\t\t\t<option value=\"Realitn\u00e1 \u010dinnos\u0165\">Ingatlanpiaci tev\u00e9kenys\u00e9g<\/option>\n\t\t\t\t\t\t\t\t\t<option value=\"Katastr\u00e1lne konania a z\u00e1pisy pr\u00e1v v oblasti nehnute\u013enost\u00ed\">Kataszteri elj\u00e1r\u00e1sok \u00e9s jogok bejegyz\u00e9se az ingatlanok ter\u00fclet\u00e9n<\/option>\n\t\t\t\t\t\t\t\t\t<option value=\"Individu\u00e1lne spravovanie nehnute\u013en\u00e9ho majetku fyzick\u00fdch a pr\u00e1vnick\u00fdch os\u00f4b\">Term\u00e9szetes \u00e9s jogi szem\u00e9lyek ingatlanvagyon\u00e1nak egy\u00e9ni kezel\u00e9se<\/option>\n\t\t\t\t\t\t\t\t\t<option value=\"Investovanie a development\">Befektet\u00e9s \u00e9s fejleszt\u00e9s<\/option>\n\t\t\t\t\t\t\t\t\t<option value=\"Projektov\u00fd in\u017einiering stavby\">Projektm\u00e9rn\u00f6ki kivitelez\u00e9s<\/option>\n\t\t\t\t\t\t\t<\/select>\n\t\t<\/div>\n\t\t\t\t\t\t<\/div>\n\t\t\t\t\t\t\t\t<div class=\"elementor-field-type-textarea elementor-field-group elementor-column elementor-field-group-message elementor-col-100\">\n\t\t\t\t\t\t\t\t\t\t\t\t<label for=\"form-field-message\" class=\"elementor-field-label elementor-screen-only\">\n\t\t\t\t\t\t\t\tR\u00e9szletesebb inform\u00e1ci\u00f3\t\t\t\t\t\t\t<\/label>\n\t\t\t\t\t\t<textarea class=\"elementor-field-textual elementor-field  elementor-size-sm\" name=\"form_fields[message]\" id=\"form-field-message\" rows=\"4\" placeholder=\"R\u00e9szletesebb inform\u00e1ci\u00f3\"><\/textarea>\t\t\t\t<\/div>\n\t\t\t\t\t\t\t\t<div class=\"elementor-field-type-acceptance elementor-field-group elementor-column elementor-field-group-field_035184a elementor-col-75 elementor-md-100\">\n\t\t\t\t\t\t\t<div class=\"elementor-field-subgroup\">\n\t\t\t<span class=\"elementor-field-option\">\n\t\t\t\t<input type=\"checkbox\" name=\"form_fields[field_035184a]\" id=\"form-field-field_035184a\" class=\"elementor-field elementor-size-sm  elementor-acceptance-field\">\n\t\t\t\t<label for=\"form-field-field_035184a\">A 18\/2018. sz. t\u00f6rv\u00e9ny \u00e9rtelm\u00e9ben a 18\/2018 Coll. a szem\u00e9lyes adatok v\u00e9delm\u00e9r\u0151l sz\u00f3l\u00f3 t\u00f6rv\u00e9ny \u00e9rtelm\u00e9ben hozz\u00e1j\u00e1rulok szem\u00e9lyes adataim feldolgoz\u00e1s\u00e1hoz abb\u00f3l a c\u00e9lb\u00f3l, hogy felvegy\u00e9k velem a kapcsolatot az \u00d6n v\u00e1llalat\u00e1val val\u00f3 egy\u00fcttm\u0171k\u00f6d\u00e9s ir\u00e1nti el\u0151zetes \u00e9rdekl\u0151d\u00e9sem miatt.<br>\nA *-gal jel\u00f6lt mez\u0151k kit\u00f6lt\u00e9se k\u00f6telez\u0151.<\/label>\t\t\t<\/span>\n\t\t<\/div>\n\t\t\t\t\t\t<\/div>\n\t\t\t\t\t\t\t\t<div class=\"elementor-field-group elementor-column elementor-field-type-submit elementor-col-25 e-form__buttons elementor-md-100\">\n\t\t\t\t\t<button class=\"elementor-button elementor-size-sm\" type=\"submit\" id=\"button-flash-dark\">\n\t\t\t\t\t\t<span class=\"elementor-button-content-wrapper\">\n\t\t\t\t\t\t\t\t\t\t\t\t\t\t\t\t\t\t\t\t\t\t<span class=\"elementor-button-text\">Formanyomtatv\u00e1ny elk\u00fcld\u00e9se<\/span>\n\t\t\t\t\t\t\t\t\t\t\t\t\t<\/span>\n\t\t\t\t\t<\/button>\n\t\t\t\t<\/div>\n\t\t\t<\/div>\n\t\t<input type=\"hidden\" name=\"trp-form-language\" value=\"hu\"\/><\/form>\n\t\t\t\t\t\t<\/div>\n\t\t\t\t<\/div>\n\t\t\t\t\t<\/div>\n\t\t\t\t<\/div>\n\t\t\t\t<\/div>","protected":false},"excerpt":{"rendered":"<p>Ako sa s nami spoji\u0165 Na\u0161a hotline N\u00e1\u0161 e-mail S\u00eddlo firmy Prev\u00e1dzka kancel\u00e1rie Oznam pre klientov V mieste prev\u00e1dzky na\u0161ej hlavnej kancel\u00e1rie prebieha v\u00fdstavba novej budovy, v ktorej budeme ma\u0165 po dokon\u010den\u00ed nov\u00e9, modern\u00e9 priestory. Predpokladan\u00fd term\u00edn n\u00e1vratu na uveden\u00fa adresu je 12\/2026. Adresa po n\u00e1vrate: Otv\u00e1racie hodiny Navigova\u0165 Nap\u00ed\u0161te n\u00e1m S\u00a0akouko\u013evek z\u00e1le\u017eitos\u0165ou v\u00a0oblasti, v\u00a0ktorej [&hellip;]<\/p>","protected":false},"author":1,"featured_media":1716,"parent":0,"menu_order":0,"comment_status":"closed","ping_status":"closed","template":"","meta":{"_acf_changed":false,"footnotes":""},"class_list":["post-291","page","type-page","status-publish","has-post-thumbnail","hentry"],"acf":[],"_links":{"self":[{"href":"https:\/\/henris-immo.sk\/hu\/wp-json\/wp\/v2\/pages\/291","targetHints":{"allow":["GET"]}}],"collection":[{"href":"https:\/\/henris-immo.sk\/hu\/wp-json\/wp\/v2\/pages"}],"about":[{"href":"https:\/\/henris-immo.sk\/hu\/wp-json\/wp\/v2\/types\/page"}],"author":[{"embeddable":true,"href":"https:\/\/henris-immo.sk\/hu\/wp-json\/wp\/v2\/users\/1"}],"replies":[{"embeddable":true,"href":"https:\/\/henris-immo.sk\/hu\/wp-json\/wp\/v2\/comments?post=291"}],"version-history":[{"count":116,"href":"https:\/\/henris-immo.sk\/hu\/wp-json\/wp\/v2\/pages\/291\/revisions"}],"predecessor-version":[{"id":2127,"href":"https:\/\/henris-immo.sk\/hu\/wp-json\/wp\/v2\/pages\/291\/revisions\/2127"}],"wp:featuredmedia":[{"embeddable":true,"href":"https:\/\/henris-immo.sk\/hu\/wp-json\/wp\/v2\/media\/1716"}],"wp:attachment":[{"href":"https:\/\/henris-immo.sk\/hu\/wp-json\/wp\/v2\/media?parent=291"}],"curies":[{"name":"wp","href":"https:\/\/api.w.org\/{rel}","templated":true}]}}