{"id":293,"date":"2024-11-16T16:42:25","date_gmt":"2024-11-16T15:42:25","guid":{"rendered":"https:\/\/henris-immo.sk\/?page_id=293"},"modified":"2025-03-04T09:44:21","modified_gmt":"2025-03-04T08:44:21","slug":"references","status":"publish","type":"page","link":"https:\/\/henris-immo.sk\/fr\/references\/","title":{"rendered":"R\u00e9f\u00e9rences et coop\u00e9ration"},"content":{"rendered":"<div data-elementor-type=\"wp-page\" data-elementor-id=\"293\" class=\"elementor elementor-293\" data-elementor-post-type=\"page\">\n\t\t\t\t<div class=\"elementor-element elementor-element-c28e949 e-flex e-con-boxed e-con e-parent\" data-id=\"c28e949\" data-element_type=\"container\">\n\t\t\t\t\t<div class=\"e-con-inner\">\n\t\t<div class=\"elementor-element elementor-element-8b42639 e-con-full e-flex e-con e-child\" data-id=\"8b42639\" data-element_type=\"container\">\n\t\t\t\t<div class=\"elementor-element elementor-element-a7c0109 elementor-widget elementor-widget-shortcode\" data-id=\"a7c0109\" data-element_type=\"widget\" data-widget_type=\"shortcode.default\">\n\t\t\t\t<div class=\"elementor-widget-container\">\n\t\t\t\t\t\t\t<div class=\"elementor-shortcode\"> <div class=\"certifikaty-popis\">Notre soci\u00e9t\u00e9 HENRIS IMMO est titulaire des certificats et r\u00e9compenses suivants.<\/div><div class=\"certifikaty-grid\"><div class=\"certifikaty-item\"><a href=\"https:\/\/henris-immo.sk\/wp-content\/uploads\/2025\/03\/NBS-certifikat-D.-Sigetova-1.jpg\" class=\"certifikaty-link\" data-fancybox=\"gallery\"><div class=\"certifikaty-image\" style=\"background-image: url(https:\/\/henris-immo.sk\/wp-content\/uploads\/2025\/03\/NBS-certifikat-D.-Sigetova-1.jpg);\" ><div class=\"certifikaty-text\">Certificat NBS 1<\/div><\/div><\/a><\/div><div class=\"certifikaty-item\"><a href=\"https:\/\/henris-immo.sk\/wp-content\/uploads\/2025\/03\/NBS-certifikat-H.-Danasch-1.jpg\" class=\"certifikaty-link\" data-fancybox=\"gallery\"><div class=\"certifikaty-image\" style=\"background-image: url(https:\/\/henris-immo.sk\/wp-content\/uploads\/2025\/03\/NBS-certifikat-H.-Danasch-1.jpg);\" ><div class=\"certifikaty-text\">Certificat NBS 2<\/div><\/div><\/a><\/div><div class=\"certifikaty-item\"><a href=\"https:\/\/henris-immo.sk\/wp-content\/uploads\/2025\/03\/2022_952-649-159_4263-1.jpg\" class=\"certifikaty-link\" data-fancybox=\"gallery\"><div class=\"certifikaty-image\" style=\"background-image: url(https:\/\/henris-immo.sk\/wp-content\/uploads\/2025\/03\/2022_952-649-159_4263-1.jpg);\" ><div class=\"certifikaty-text\">Certificat NBS 3<\/div><\/div><\/a><\/div><div class=\"certifikaty-item\"><a href=\"https:\/\/henris-immo.sk\/wp-content\/uploads\/2025\/03\/2022_663-596-815_4262-1.jpg\" class=\"certifikaty-link\" data-fancybox=\"gallery\"><div class=\"certifikaty-image\" style=\"background-image: url(https:\/\/henris-immo.sk\/wp-content\/uploads\/2025\/03\/2022_663-596-815_4262-1.jpg);\" ><div class=\"certifikaty-text\">Certificat NBS 4<\/div><\/div><\/a><\/div><div class=\"certifikaty-item\"><a href=\"https:\/\/henris-immo.sk\/wp-content\/uploads\/2025\/03\/NARKS.jpg\" class=\"certifikaty-link\" data-fancybox=\"gallery\"><div class=\"certifikaty-image\" style=\"background-image: url(https:\/\/henris-immo.sk\/wp-content\/uploads\/2025\/03\/NARKS.jpg);\" ><div class=\"certifikaty-text\">Certificat NARKS<\/div><\/div><\/a><\/div><div class=\"certifikaty-item\"><a href=\"https:\/\/henris-immo.sk\/wp-content\/uploads\/2025\/03\/CERTIFIKAT-IT-LEARNING-H.-DANASCH.jpg\" class=\"certifikaty-link\" data-fancybox=\"gallery\"><div class=\"certifikaty-image\" style=\"background-image: url(https:\/\/henris-immo.sk\/wp-content\/uploads\/2025\/03\/CERTIFIKAT-IT-LEARNING-H.-DANASCH.jpg);\" ><div class=\"certifikaty-text\">Certificat d'apprentissage informatique 1<\/div><\/div><\/a><\/div><div class=\"certifikaty-item\"><a href=\"https:\/\/henris-immo.sk\/wp-content\/uploads\/2025\/03\/CERTIFIKAT-IT-LEARNING-D.-SIGETOVA.jpg\" class=\"certifikaty-link\" data-fancybox=\"gallery\"><div class=\"certifikaty-image\" style=\"background-image: url(https:\/\/henris-immo.sk\/wp-content\/uploads\/2025\/03\/CERTIFIKAT-IT-LEARNING-D.-SIGETOVA.jpg);\" ><div class=\"certifikaty-text\">Certificat d'apprentissage informatique 2<\/div><\/div><\/a><\/div><div class=\"certifikaty-item\"><a href=\"https:\/\/henris-immo.sk\/wp-content\/uploads\/2025\/03\/Heno-Diplom-MBA-1.jpg\" class=\"certifikaty-link\" data-fancybox=\"gallery\"><div class=\"certifikaty-image\" style=\"background-image: url(https:\/\/henris-immo.sk\/wp-content\/uploads\/2025\/03\/Heno-Diplom-MBA-1.jpg);\" ><div class=\"certifikaty-text\">MBA 1<\/div><\/div><\/a><\/div><div class=\"certifikaty-item\"><a href=\"https:\/\/henris-immo.sk\/wp-content\/uploads\/2025\/03\/Heno-Certifikat-MBA-1.jpg\" class=\"certifikaty-link\" data-fancybox=\"gallery\"><div class=\"certifikaty-image\" style=\"background-image: url(https:\/\/henris-immo.sk\/wp-content\/uploads\/2025\/03\/Heno-Certifikat-MBA-1.jpg);\" ><div class=\"certifikaty-text\">MBA 2<\/div><\/div><\/a><\/div><div class=\"certifikaty-item\"><a href=\"https:\/\/henris-immo.sk\/wp-content\/uploads\/2025\/03\/Diana-Diplom-MBA-1.jpg\" class=\"certifikaty-link\" data-fancybox=\"gallery\"><div class=\"certifikaty-image\" style=\"background-image: url(https:\/\/henris-immo.sk\/wp-content\/uploads\/2025\/03\/Diana-Diplom-MBA-1.jpg);\" ><div class=\"certifikaty-text\">MBA 3<\/div><\/div><\/a><\/div><div class=\"certifikaty-item\"><a href=\"https:\/\/henris-immo.sk\/wp-content\/uploads\/2025\/03\/Diana-Certifikat-MBA-1.jpg\" class=\"certifikaty-link\" data-fancybox=\"gallery\"><div class=\"certifikaty-image\" style=\"background-image: url(https:\/\/henris-immo.sk\/wp-content\/uploads\/2025\/03\/Diana-Certifikat-MBA-1.jpg);\" ><div class=\"certifikaty-text\">MBA 4<\/div><\/div><\/a><\/div><div class=\"certifikaty-item\"><a href=\"https:\/\/henris-immo.sk\/wp-content\/uploads\/2025\/03\/Heno-Diplom-LL.M.-1.jpg\" class=\"certifikaty-link\" data-fancybox=\"gallery\"><div class=\"certifikaty-image\" style=\"background-image: url(https:\/\/henris-immo.sk\/wp-content\/uploads\/2025\/03\/Heno-Diplom-LL.M.-1.jpg);\" ><div class=\"certifikaty-text\">LL.M. 1<\/div><\/div><\/a><\/div><div class=\"certifikaty-item\"><a href=\"https:\/\/henris-immo.sk\/wp-content\/uploads\/2025\/03\/Heno-Certifikat-LL.M.-1.jpg\" class=\"certifikaty-link\" data-fancybox=\"gallery\"><div class=\"certifikaty-image\" style=\"background-image: url(https:\/\/henris-immo.sk\/wp-content\/uploads\/2025\/03\/Heno-Certifikat-LL.M.-1.jpg);\" ><div class=\"certifikaty-text\">LL.M. 2<\/div><\/div><\/a><\/div><div class=\"certifikaty-item\"><a href=\"https:\/\/henris-immo.sk\/wp-content\/uploads\/2025\/03\/Diana-Diplom-LL.M.-1.jpg\" class=\"certifikaty-link\" data-fancybox=\"gallery\"><div class=\"certifikaty-image\" style=\"background-image: url(https:\/\/henris-immo.sk\/wp-content\/uploads\/2025\/03\/Diana-Diplom-LL.M.-1.jpg);\" ><div class=\"certifikaty-text\">LL.M. 3<\/div><\/div><\/a><\/div><div class=\"certifikaty-item\"><a href=\"https:\/\/henris-immo.sk\/wp-content\/uploads\/2025\/03\/Diana-Certifikat-LL.M.-1.jpg\" class=\"certifikaty-link\" data-fancybox=\"gallery\"><div class=\"certifikaty-image\" style=\"background-image: url(https:\/\/henris-immo.sk\/wp-content\/uploads\/2025\/03\/Diana-Certifikat-LL.M.-1.jpg);\" ><div class=\"certifikaty-text\">LL.M. 4<\/div><\/div><\/a><\/div><\/div><\/div>\n\t\t\t\t\t\t<\/div>\n\t\t\t\t<\/div>\n\t\t\t\t<\/div>\n\t\t\t\t\t<\/div>\n\t\t\t\t<\/div>\n\t\t<div class=\"elementor-element elementor-element-e2404a5 e-flex e-con-boxed e-con e-parent\" data-id=\"e2404a5\" data-element_type=\"container\">\n\t\t\t\t\t<div class=\"e-con-inner\">\n\t\t<div class=\"elementor-element elementor-element-3b9974f e-con-full e-flex e-con e-child\" data-id=\"3b9974f\" data-element_type=\"container\">\n\t\t\t\t<div class=\"elementor-element elementor-element-36f201d elementor-widget elementor-widget-shortcode\" data-id=\"36f201d\" data-element_type=\"widget\" data-widget_type=\"shortcode.default\">\n\t\t\t\t<div class=\"elementor-widget-container\">\n\t\t\t\t\t\t\t<div class=\"elementor-shortcode\"><div class=\"loga-partnerov-popis\">Pour que notre entreprise fonctionne le plus efficacement possible, il est n\u00e9cessaire de coop\u00e9rer avec les diff\u00e9rentes entreprises qui op\u00e8rent sur notre march\u00e9. La coop\u00e9ration apporte avant tout la confiance, l'ouverture de la communication, l'efficacit\u00e9, le d\u00e9veloppement du groupe et la satisfaction personnelle. Nous avons pu \u00e9tablir avec succ\u00e8s une coop\u00e9ration \u00e0 long terme avec des entreprises de diff\u00e9rents types, qu'il s'agisse d'entreprises actives dans le secteur de la construction, de magasins, d'\u00e9coles prestigieuses, d'h\u00f4tels, de m\u00e9decine, d'artisanat, de restaurants et aussi de divers services \u00e0 la client\u00e8le.<\/div><div class=\"loga-partnerov-grid\"><div class=\"loga-partnerov-item\"><img decoding=\"async\" src=\"https:\/\/henris-immo.sk\/wp-content\/uploads\/2024\/11\/Group-1402.png\" alt=\"\" class=\"loga-partnerov-logo\" \/><\/div><div class=\"loga-partnerov-item\"><img decoding=\"async\" src=\"https:\/\/henris-immo.sk\/wp-content\/uploads\/2024\/11\/9f33e0995baa721df1591854a8fff7e83ca49870.original-1.png\" alt=\"\" class=\"loga-partnerov-logo\" \/><\/div><div class=\"loga-partnerov-item\"><img decoding=\"async\" src=\"https:\/\/henris-immo.sk\/wp-content\/uploads\/2024\/11\/logo-na-web-1.png\" alt=\"\" class=\"loga-partnerov-logo\" \/><\/div><div class=\"loga-partnerov-item\"><img decoding=\"async\" src=\"https:\/\/henris-immo.sk\/wp-content\/uploads\/2024\/11\/stiahnuC5A52028829-1.png\" alt=\"\" class=\"loga-partnerov-logo\" \/><\/div><div class=\"loga-partnerov-item\"><img decoding=\"async\" src=\"https:\/\/henris-immo.sk\/wp-content\/uploads\/2024\/11\/unnamed-2-1.png\" alt=\"\" class=\"loga-partnerov-logo\" \/><\/div><div class=\"loga-partnerov-item\"><img decoding=\"async\" src=\"https:\/\/henris-immo.sk\/wp-content\/uploads\/2024\/11\/logo-sede-300x109-1.png\" alt=\"\" class=\"loga-partnerov-logo\" \/><\/div><div class=\"loga-partnerov-item\"><img decoding=\"async\" src=\"https:\/\/henris-immo.sk\/wp-content\/uploads\/2024\/11\/cabCompanyLogo_162-1.png\" alt=\"\" class=\"loga-partnerov-logo\" \/><\/div><div class=\"loga-partnerov-item\"><img decoding=\"async\" src=\"https:\/\/henris-immo.sk\/wp-content\/uploads\/2024\/11\/Background-1.png\" alt=\"\" class=\"loga-partnerov-logo\" \/><\/div><\/div><\/div>\n\t\t\t\t\t\t<\/div>\n\t\t\t\t<\/div>\n\t\t\t\t<\/div>\n\t\t\t\t\t<\/div>\n\t\t\t\t<\/div>\n\t\t\t\t<\/div>","protected":false},"excerpt":{"rendered":"<p>[logo_partenaire_avec_description]<\/p>","protected":false},"author":1,"featured_media":1722,"parent":0,"menu_order":0,"comment_status":"closed","ping_status":"closed","template":"","meta":{"_acf_changed":false,"footnotes":""},"class_list":["post-293","page","type-page","status-publish","has-post-thumbnail","hentry"],"acf":[],"_links":{"self":[{"href":"https:\/\/henris-immo.sk\/fr\/wp-json\/wp\/v2\/pages\/293","targetHints":{"allow":["GET"]}}],"collection":[{"href":"https:\/\/henris-immo.sk\/fr\/wp-json\/wp\/v2\/pages"}],"about":[{"href":"https:\/\/henris-immo.sk\/fr\/wp-json\/wp\/v2\/types\/page"}],"author":[{"embeddable":true,"href":"https:\/\/henris-immo.sk\/fr\/wp-json\/wp\/v2\/users\/1"}],"replies":[{"embeddable":true,"href":"https:\/\/henris-immo.sk\/fr\/wp-json\/wp\/v2\/comments?post=293"}],"version-history":[{"count":38,"href":"https:\/\/henris-immo.sk\/fr\/wp-json\/wp\/v2\/pages\/293\/revisions"}],"predecessor-version":[{"id":1862,"href":"https:\/\/henris-immo.sk\/fr\/wp-json\/wp\/v2\/pages\/293\/revisions\/1862"}],"wp:featuredmedia":[{"embeddable":true,"href":"https:\/\/henris-immo.sk\/fr\/wp-json\/wp\/v2\/media\/1722"}],"wp:attachment":[{"href":"https:\/\/henris-immo.sk\/fr\/wp-json\/wp\/v2\/media?parent=293"}],"curies":[{"name":"wp","href":"https:\/\/api.w.org\/{rel}","templated":true}]}}