{"id":291,"date":"2024-11-16T16:42:15","date_gmt":"2024-11-16T15:42:15","guid":{"rendered":"https:\/\/henris-immo.sk\/?page_id=291"},"modified":"2025-11-06T10:28:55","modified_gmt":"2025-11-06T09:28:55","slug":"contact","status":"publish","type":"page","link":"https:\/\/henris-immo.sk\/fr\/contact\/","title":{"rendered":"Contact"},"content":{"rendered":"<div data-elementor-type=\"wp-page\" data-elementor-id=\"291\" class=\"elementor elementor-291\" data-elementor-post-type=\"page\">\n\t\t\t\t<div class=\"elementor-element elementor-element-f2d7b4c e-flex e-con-boxed e-con e-parent\" data-id=\"f2d7b4c\" data-element_type=\"container\">\n\t\t\t\t\t<div class=\"e-con-inner\">\n\t\t<div class=\"elementor-element elementor-element-7a35358 e-con-full e-flex e-con e-child\" data-id=\"7a35358\" data-element_type=\"container\">\n\t\t<div class=\"elementor-element elementor-element-8fdf9fb e-con-full e-flex e-con e-child\" data-id=\"8fdf9fb\" data-element_type=\"container\">\n\t\t\t\t<div class=\"elementor-element elementor-element-50e0790 elementor-widget elementor-widget-heading\" data-id=\"50e0790\" data-element_type=\"widget\" data-widget_type=\"heading.default\">\n\t\t\t\t<div class=\"elementor-widget-container\">\n\t\t\t\t\t<h2 class=\"elementor-heading-title elementor-size-default\">Comment nous contacter<\/h2>\t\t\t\t<\/div>\n\t\t\t\t<\/div>\n\t\t<div class=\"elementor-element elementor-element-88ad17a e-con-full e-flex e-con e-child\" data-id=\"88ad17a\" data-element_type=\"container\">\n\t\t\t\t<div class=\"elementor-element elementor-element-9ef1f55 elementor-position-left elementor-view-default elementor-mobile-position-top elementor-vertical-align-top elementor-widget elementor-widget-icon-box\" data-id=\"9ef1f55\" data-element_type=\"widget\" data-widget_type=\"icon-box.default\">\n\t\t\t\t<div class=\"elementor-widget-container\">\n\t\t\t\t\t\t\t<div class=\"elementor-icon-box-wrapper\">\n\n\t\t\t\t\t\t<div class=\"elementor-icon-box-icon\">\n\t\t\t\t<span  class=\"elementor-icon\">\n\t\t\t\t<svg xmlns=\"http:\/\/www.w3.org\/2000\/svg\" width=\"18\" height=\"18\" viewbox=\"0 0 18 18\" fill=\"none\"><path d=\"M8.67863 2.57917L2.57917 8.67863C0.473611 10.7842 0.473611 14.1974 2.57917 16.3029L2.96038 16.6842C3.38149 17.1053 4.06414 17.1053 4.48525 16.6842L6.39133 14.7781C6.81244 14.357 6.81244 13.6743 6.39133 13.2532L5.27428 12.1362C4.85317 11.7151 4.85317 11.0324 5.27428 10.6113L10.2301 5.65549C10.6512 5.23438 11.3338 5.23438 11.755 5.65549L12.872 6.77254C13.2931 7.19366 13.9758 7.19366 14.3969 6.77254L16.6842 4.48525C17.1053 4.06414 17.1053 3.38149 16.6842 2.96038L16.3029 2.57917C14.1974 0.473611 10.7842 0.473611 8.67863 2.57917Z\" stroke=\"white\" stroke-miterlimit=\"10\"><\/path><\/svg>\t\t\t\t<\/span>\n\t\t\t<\/div>\n\t\t\t\n\t\t\t\t\t\t<div class=\"elementor-icon-box-content\">\n\n\t\t\t\t\t\t\t\t\t<h3 class=\"elementor-icon-box-title\">\n\t\t\t\t\t\t<span  >\n\t\t\t\t\t\t\tNotre hotline\t\t\t\t\t\t<\/span>\n\t\t\t\t\t<\/h3>\n\t\t\t\t\n\t\t\t\t\t\t\t\t\t<p class=\"elementor-icon-box-description\">\n\t\t\t\t\t\t<a href=\"tel:+421 917 22 22 20\" class=\"footer-heading animated-arrow\">+421 917 22 22 20<\/a>\t\t\t\t\t<\/p>\n\t\t\t\t\n\t\t\t<\/div>\n\t\t\t\n\t\t<\/div>\n\t\t\t\t\t\t<\/div>\n\t\t\t\t<\/div>\n\t\t\t\t<div class=\"elementor-element elementor-element-978ab9d elementor-position-left elementor-view-default elementor-mobile-position-top elementor-vertical-align-top elementor-widget elementor-widget-icon-box\" data-id=\"978ab9d\" data-element_type=\"widget\" data-widget_type=\"icon-box.default\">\n\t\t\t\t<div class=\"elementor-widget-container\">\n\t\t\t\t\t\t\t<div class=\"elementor-icon-box-wrapper\">\n\n\t\t\t\t\t\t<div class=\"elementor-icon-box-icon\">\n\t\t\t\t<span  class=\"elementor-icon\">\n\t\t\t\t<svg xmlns=\"http:\/\/www.w3.org\/2000\/svg\" width=\"19\" height=\"14\" viewbox=\"0 0 19 14\" fill=\"none\"><path d=\"M17.8 1H1V13H17.8V1Z\" stroke=\"white\" stroke-miterlimit=\"10\"><\/path><path d=\"M1 1L9.4 9L17.8 1\" stroke=\"white\" stroke-miterlimit=\"10\"><\/path><\/svg>\t\t\t\t<\/span>\n\t\t\t<\/div>\n\t\t\t\n\t\t\t\t\t\t<div class=\"elementor-icon-box-content\">\n\n\t\t\t\t\t\t\t\t\t<h3 class=\"elementor-icon-box-title\">\n\t\t\t\t\t\t<span  >\n\t\t\t\t\t\t\tNotre e-mail\t\t\t\t\t\t<\/span>\n\t\t\t\t\t<\/h3>\n\t\t\t\t\n\t\t\t\t\t\t\t\t\t<p class=\"elementor-icon-box-description\">\n\t\t\t\t\t\t<a href=\"mailto:info@henris-immo.sk\" class=\"footer-heading animated-arrow\">info@henris-immo.sk<\/a>\t\t\t\t\t<\/p>\n\t\t\t\t\n\t\t\t<\/div>\n\t\t\t\n\t\t<\/div>\n\t\t\t\t\t\t<\/div>\n\t\t\t\t<\/div>\n\t\t\t\t<\/div>\n\t\t\t\t<\/div>\n\t\t<div class=\"elementor-element elementor-element-e304d88 e-con-full e-flex e-con e-child\" data-id=\"e304d88\" data-element_type=\"container\">\n\t\t\t\t<div class=\"elementor-element elementor-element-e14d261 elementor-widget elementor-widget-heading\" data-id=\"e14d261\" data-element_type=\"widget\" data-widget_type=\"heading.default\">\n\t\t\t\t<div class=\"elementor-widget-container\">\n\t\t\t\t\t<h2 class=\"elementor-heading-title elementor-size-default\">Si\u00e8ge de l'entreprise<\/h2>\t\t\t\t<\/div>\n\t\t\t\t<\/div>\n\t\t\t\t<div class=\"elementor-element elementor-element-9d94337 elementor-widget elementor-widget-text-editor\" data-id=\"9d94337\" data-element_type=\"widget\" data-widget_type=\"text-editor.default\">\n\t\t\t\t<div class=\"elementor-widget-container\">\n\t\t\t\t\t\t\t\t\t<p>Si\u00e8ge de l'entreprise<br \/>\nHENRIS IMMO s.r.o.<br \/>\nVladim\u00edr Clementis 10<br \/>\nSK-821 02 Bratislava 2<br \/>\nSlovaquie<br \/>\n(nous n'acceptons pas de visiteurs au si\u00e8ge)<\/p>\n\t\t\t\t\t\t\t\t<\/div>\n\t\t\t\t<\/div>\n\t\t\t\t<\/div>\n\t\t<div class=\"elementor-element elementor-element-d478b50 e-con-full e-flex e-con e-child\" data-id=\"d478b50\" data-element_type=\"container\">\n\t\t\t\t<div class=\"elementor-element elementor-element-62b0e8a elementor-widget elementor-widget-heading\" data-id=\"62b0e8a\" data-element_type=\"widget\" data-widget_type=\"heading.default\">\n\t\t\t\t<div class=\"elementor-widget-container\">\n\t\t\t\t\t<h2 class=\"elementor-heading-title elementor-size-default\">Fonctionnement du bureau<\/h2>\t\t\t\t<\/div>\n\t\t\t\t<\/div>\n\t\t\t\t<div data-dce-advanced-background-color=\"#1E1E1E\" class=\"elementor-element elementor-element-19a54bb elementor-widget elementor-widget-text-editor\" data-id=\"19a54bb\" data-element_type=\"widget\" data-widget_type=\"text-editor.default\">\n\t\t\t\t<div class=\"elementor-widget-container\">\n\t\t\t\t\t\t\t\t\t<p><strong style=\"font-size: 18px;\">Avis aux clients<\/strong><\/p><p><br \/>Un nouveau b\u00e2timent est en cours de construction sur le site de notre bureau principal, qui nous fournira un nouvel espace moderne lorsqu'il sera achev\u00e9. La date de retour pr\u00e9vue \u00e0 l'adresse ci-dessus est 12\/2026.<strong> Adresse de retour :<\/strong><\/p>\t\t\t\t\t\t\t\t<\/div>\n\t\t\t\t<\/div>\n\t\t\t\t<div class=\"elementor-element elementor-element-f2e01e8 elementor-widget elementor-widget-text-editor\" data-id=\"f2e01e8\" data-element_type=\"widget\" data-widget_type=\"text-editor.default\">\n\t\t\t\t<div class=\"elementor-widget-container\">\n\t\t\t\t\t\t\t\t\t<p>HENRIS IMMO s.r.o.<br \/>\nSabinovsk\u00e1 15<br \/>\nObjet en forme de cygne au bord du lac de \u0160trkovec<br \/>\nSK-821 03 Bratislava 2<br \/>\nSlovaquie<\/p>\n<p>Nous mettons \u00e0 la disposition de nos clients des places de parking devant le b\u00e2timent.<\/p>\n\t\t\t\t\t\t\t\t<\/div>\n\t\t\t\t<\/div>\n\t\t\t\t<\/div>\n\t\t\t\t<div class=\"elementor-element elementor-element-1585a9e elementor-widget elementor-widget-n-accordion\" data-id=\"1585a9e\" data-element_type=\"widget\" data-settings=\"{&quot;default_state&quot;:&quot;all_collapsed&quot;,&quot;max_items_expended&quot;:&quot;one&quot;,&quot;n_accordion_animation_duration&quot;:{&quot;unit&quot;:&quot;ms&quot;,&quot;size&quot;:400,&quot;sizes&quot;:[]}}\" data-widget_type=\"nested-accordion.default\">\n\t\t\t\t<div class=\"elementor-widget-container\">\n\t\t\t\t\t\t\t<div class=\"e-n-accordion\" aria-label=\"Accord\u00e9on. Ouvrez les liens avec Enter ou Space, fermez-les avec Escape et naviguez avec les touches fl\u00e9ch\u00e9es.\">\n\t\t\t\t\t\t<details id=\"e-n-accordion-item-2250\" class=\"e-n-accordion-item\" >\n\t\t\t\t<summary class=\"e-n-accordion-item-title\" data-accordion-index=\"1\" tabindex=\"0\" aria-expanded=\"false\" aria-controls=\"e-n-accordion-item-2250\" >\n\t\t\t\t\t<span class='e-n-accordion-item-title-header'><div class=\"e-n-accordion-item-title-text\"> Heures d'ouverture <\/div><\/span>\n\t\t\t\t\t\t\t<span class='e-n-accordion-item-title-icon'>\n\t\t\t<span class='e-opened' ><svg aria-hidden=\"true\" class=\"e-font-icon-svg e-fas-minus\" viewbox=\"0 0 448 512\" xmlns=\"http:\/\/www.w3.org\/2000\/svg\"><path d=\"M416 208H32c-17.67 0-32 14.33-32 32v32c0 17.67 14.33 32 32 32h384c17.67 0 32-14.33 32-32v-32c0-17.67-14.33-32-32-32z\"><\/path><\/svg><\/span>\n\t\t\t<span class='e-closed'><svg xmlns=\"http:\/\/www.w3.org\/2000\/svg\" width=\"13\" height=\"8\" viewbox=\"0 0 13 8\" fill=\"none\"><path d=\"M12.1992 1L6.59922 6.6L0.999219 1\" stroke=\"white\" stroke-linecap=\"square\"><\/path><\/svg><\/span>\n\t\t<\/span>\n\n\t\t\t\t\t\t<\/summary>\n\t\t\t\t<div role=\"region\" aria-labelledby=\"e-n-accordion-item-2250\" class=\"elementor-element elementor-element-1abd41c e-con-full e-flex e-con e-child\" data-id=\"1abd41c\" data-element_type=\"container\">\n\t\t\t\t<div class=\"elementor-element elementor-element-bc7a137 elementor-widget elementor-widget-text-editor\" data-id=\"bc7a137\" data-element_type=\"widget\" data-widget_type=\"text-editor.default\">\n\t\t\t\t<div class=\"elementor-widget-container\">\n\t\t\t\t\t\t\t\t\t<p>Notre soci\u00e9t\u00e9 HENRIS IMMO n'a pas d'horaires d'ouverture fixes traditionnels. Conscients des besoins individuels de nos clients, nous proposons des horaires flexibles r\u00e9serv\u00e9s \u00e0 chacun d'entre eux. Les rendez-vous et les consultations peuvent \u00eatre organis\u00e9s d'un commun accord sur la base d'une communication par t\u00e9l\u00e9phone ou par courrier \u00e9lectronique.<br \/>\nPour votre plus grande satisfaction, les rendez-vous peuvent \u00eatre pris entre 05h00 et 22h00, valables toute la semaine, y compris les week-ends et les jours f\u00e9ri\u00e9s.<br \/>\nNous serons heureux de vous rencontrer \u00e0 l'heure qui vous conviendra le mieux.<\/p>\n\t\t\t\t\t\t\t\t<\/div>\n\t\t\t\t<\/div>\n\t\t\t\t<\/div>\n\t\t\t\t\t<\/details>\n\t\t\t\t\t<\/div>\n\t\t\t\t\t\t<\/div>\n\t\t\t\t<\/div>\n\t\t\t\t<\/div>\n\t\t<div class=\"elementor-element elementor-element-3e75e7e e-con-full e-flex e-con e-child\" data-id=\"3e75e7e\" data-element_type=\"container\">\n\t\t\t\t<div class=\"elementor-element elementor-element-cd4e05e elementor-absolute elementor-widget elementor-widget-button\" data-id=\"cd4e05e\" data-element_type=\"widget\" data-settings=\"{&quot;_position&quot;:&quot;absolute&quot;}\" data-widget_type=\"button.default\">\n\t\t\t\t<div class=\"elementor-widget-container\">\n\t\t\t\t\t\t\t\t\t<div class=\"elementor-button-wrapper\">\n\t\t\t\t\t<a class=\"elementor-button elementor-button-link elementor-size-sm\" href=\"https:\/\/maps.google.com\/maps\/dir\/\/HENRIS-IMMO+s.r.o.+Dr.+Vladim%C3%ADra+Clementisa+10+Doktor+Vladim%C3%ADra+Clementisa+3222%2F10+821+02+Bratislava\/@48.1597589,17.1649751,16z\/data=!4m5!4m4!1m0!1m2!1m1!1s0x476c8f2909cb24e3:0xb38d43a76b5418d3\" target=\"_blank\">\n\t\t\t\t\t\t<span class=\"elementor-button-content-wrapper\">\n\t\t\t\t\t\t<span class=\"elementor-button-icon\">\n\t\t\t\t<svg xmlns=\"http:\/\/www.w3.org\/2000\/svg\" width=\"15\" height=\"13\" viewbox=\"0 0 15 13\" fill=\"none\"><path d=\"M8.40039 1L14.0004 6.6L8.40039 12.2\" stroke=\"white\" stroke-linecap=\"square\"><\/path><path d=\"M13 6.6001L1 6.6001\" stroke=\"white\" stroke-linecap=\"square\"><\/path><\/svg>\t\t\t<\/span>\n\t\t\t\t\t\t\t\t\t<span class=\"elementor-button-text\">Naviguer<\/span>\n\t\t\t\t\t<\/span>\n\t\t\t\t\t<\/a>\n\t\t\t\t<\/div>\n\t\t\t\t\t\t\t\t<\/div>\n\t\t\t\t<\/div>\n\t\t\t\t<div class=\"elementor-element elementor-element-8e43ff0 elementor-widget elementor-widget-google_maps\" data-id=\"8e43ff0\" data-element_type=\"widget\" data-widget_type=\"google_maps.default\">\n\t\t\t\t<div class=\"elementor-widget-container\">\n\t\t\t\t\t\t\t<div class=\"elementor-custom-embed\">\n\t\t\t<iframe loading=\"lazy\"\n\t\t\t\t\tsrc=\"https:\/\/maps.google.com\/maps?q=Sabinovsk%C3%A1%201948%2F15%20821%2003%20Bratislava&#038;t=m&#038;z=17&#038;output=embed&#038;iwloc=near\"\n\t\t\t\t\ttitle=\"Sabinovsk\u00e1 1948\/15 821 03 Bratislava\"\n\t\t\t\t\taria-label=\"Sabinovsk\u00e1 1948\/15 821 03 Bratislava\"\n\t\t\t><\/iframe>\n\t\t<\/div>\n\t\t\t\t\t\t<\/div>\n\t\t\t\t<\/div>\n\t\t\t\t<\/div>\n\t\t\t\t\t<\/div>\n\t\t\t\t<\/div>\n\t\t<div class=\"elementor-element elementor-element-27f22e6 e-flex e-con-boxed e-con e-parent\" data-id=\"27f22e6\" data-element_type=\"container\">\n\t\t\t\t\t<div class=\"e-con-inner\">\n\t\t\t\t<div class=\"elementor-element elementor-element-f63159e elementor-widget elementor-widget-heading\" data-id=\"f63159e\" data-element_type=\"widget\" data-widget_type=\"heading.default\">\n\t\t\t\t<div class=\"elementor-widget-container\">\n\t\t\t\t\t<h2 class=\"elementor-heading-title elementor-size-default\">Nous \u00e9crire<\/h2>\t\t\t\t<\/div>\n\t\t\t\t<\/div>\n\t\t\t\t<div class=\"elementor-element elementor-element-193035a elementor-widget elementor-widget-text-editor\" data-id=\"193035a\" data-element_type=\"widget\" data-widget_type=\"text-editor.default\">\n\t\t\t\t<div class=\"elementor-widget-container\">\n\t\t\t\t\t\t\t\t\t<p class=\"p1\">Vous pouvez \u00e9galement nous contacter pour toute question dans le domaine dans lequel nous op\u00e9rons via ce formulaire de contact :<\/p>\t\t\t\t\t\t\t\t<\/div>\n\t\t\t\t<\/div>\n\t\t\t\t<div class=\"elementor-element elementor-element-a53b5d5 elementor-button-align-end elementor-mobile-button-align-stretch elementor-widget elementor-widget-form\" data-id=\"a53b5d5\" data-element_type=\"widget\" data-settings=\"{&quot;step_next_label&quot;:&quot;Next&quot;,&quot;step_previous_label&quot;:&quot;Previous&quot;,&quot;button_width&quot;:&quot;25&quot;,&quot;button_width_tablet&quot;:&quot;100&quot;,&quot;step_type&quot;:&quot;number_text&quot;,&quot;step_icon_shape&quot;:&quot;circle&quot;}\" data-widget_type=\"form.default\">\n\t\t\t\t<div class=\"elementor-widget-container\">\n\t\t\t\t\t\t\t<form class=\"elementor-form\" method=\"post\" name=\"New Form\" action=\"\">\n\t\t\t<input type=\"hidden\" name=\"post_id\" value=\"291\"\/>\n\t\t\t<input type=\"hidden\" name=\"form_id\" value=\"a53b5d5\"\/>\n\t\t\t<input type=\"hidden\" name=\"referer_title\" value=\"Kontakt | HENRIS IMMO\" \/>\n\n\t\t\t\t\t\t\t<input type=\"hidden\" name=\"queried_id\" value=\"291\"\/>\n\t\t\t\n\t\t\t<div class=\"elementor-form-fields-wrapper elementor-labels-\">\n\t\t\t\t\t\t\t\t<div class=\"elementor-field-type-recaptcha_v3 elementor-field-group elementor-column elementor-field-group-field_48dcd5d elementor-col-100 recaptcha_v3-inline\">\n\t\t\t\t\t<div class=\"elementor-field\" id=\"form-field-field_48dcd5d\"><div class=\"elementor-g-recaptcha\" data-sitekey=\"6LcR9O8qAAAAAORmx0T6pAEp_YJYNg3ua2Ib9hY0\" data-type=\"v3\" data-action=\"Form\" data-badge=\"inline\" data-size=\"invisible\"><\/div><\/div>\t\t\t\t<\/div>\n\t\t\t\t\t\t\t\t<div class=\"elementor-field-type-text elementor-field-group elementor-column elementor-field-group-name elementor-col-33\">\n\t\t\t\t\t\t\t\t\t\t\t\t<label for=\"form-field-name\" class=\"elementor-field-label elementor-screen-only\">\n\t\t\t\t\t\t\t\tNom*\t\t\t\t\t\t\t<\/label>\n\t\t\t\t\t\t\t\t\t\t\t\t\t\t<input size=\"1\" type=\"text\" name=\"form_fields[name]\" id=\"form-field-name\" class=\"elementor-field elementor-size-sm  elementor-field-textual\" placeholder=\"Nom et pr\u00e9nom*\">\n\t\t\t\t\t\t\t\t\t\t\t<\/div>\n\t\t\t\t\t\t\t\t<div class=\"elementor-field-type-email elementor-field-group elementor-column elementor-field-group-email elementor-col-33 elementor-field-required\">\n\t\t\t\t\t\t\t\t\t\t\t\t<label for=\"form-field-email\" class=\"elementor-field-label elementor-screen-only\">\n\t\t\t\t\t\t\t\tCourriel\t\t\t\t\t\t\t<\/label>\n\t\t\t\t\t\t\t\t\t\t\t\t\t\t<input size=\"1\" type=\"email\" name=\"form_fields[email]\" id=\"form-field-email\" class=\"elementor-field elementor-size-sm  elementor-field-textual\" placeholder=\"Courriel\" required=\"required\">\n\t\t\t\t\t\t\t\t\t\t\t<\/div>\n\t\t\t\t\t\t\t\t<div class=\"elementor-field-type-tel elementor-field-group elementor-column elementor-field-group-field_70e7737 elementor-col-33\">\n\t\t\t\t\t\t\t\t\t\t\t\t<label for=\"form-field-field_70e7737\" class=\"elementor-field-label elementor-screen-only\">\n\t\t\t\t\t\t\t\tMobile*\t\t\t\t\t\t\t<\/label>\n\t\t\t\t\t\t\t\t<input size=\"1\" type=\"tel\" name=\"form_fields[field_70e7737]\" id=\"form-field-field_70e7737\" class=\"elementor-field elementor-size-sm  elementor-field-textual\" placeholder=\"Mobile*\" pattern=\"[0-9()#&amp;+*-=.]+\" title=\"Seuls les chiffres et les caract\u00e8res t\u00e9l\u00e9phoniques (#, -, *, etc.) sont accept\u00e9s.\">\n\n\t\t\t\t\t\t<\/div>\n\t\t\t\t\t\t\t\t<div class=\"elementor-field-type-text elementor-field-group elementor-column elementor-field-group-field_b7423ac elementor-col-50\">\n\t\t\t\t\t\t\t\t\t\t\t\t<label for=\"form-field-field_b7423ac\" class=\"elementor-field-label elementor-screen-only\">\n\t\t\t\t\t\t\t\tAdresse*\t\t\t\t\t\t\t<\/label>\n\t\t\t\t\t\t\t\t\t\t\t\t\t\t<input size=\"1\" type=\"text\" name=\"form_fields[field_b7423ac]\" id=\"form-field-field_b7423ac\" class=\"elementor-field elementor-size-sm  elementor-field-textual\" placeholder=\"Adresse*\">\n\t\t\t\t\t\t\t\t\t\t\t<\/div>\n\t\t\t\t\t\t\t\t<div class=\"elementor-field-type-select elementor-field-group elementor-column elementor-field-group-field_1a9d806 elementor-col-50\">\n\t\t\t\t\t\t\t\t\t\t\t\t<label for=\"form-field-field_1a9d806\" class=\"elementor-field-label elementor-screen-only\">\n\t\t\t\t\t\t\t\tChoix du service\t\t\t\t\t\t\t<\/label>\n\t\t\t\t\t\t\t\t<div class=\"elementor-field elementor-select-wrapper remove-before\">\n\t\t\t<div class=\"select-caret-down-wrapper\">\n\t\t\t\t<svg aria-hidden=\"true\" class=\"e-font-icon-svg e-eicon-caret-down\" viewbox=\"0 0 571.4 571.4\" xmlns=\"http:\/\/www.w3.org\/2000\/svg\"><path d=\"M571 393Q571 407 561 418L311 668Q300 679 286 679T261 668L11 418Q0 407 0 393T11 368 36 357H536Q550 357 561 368T571 393Z\"><\/path><\/svg>\t\t\t<\/div>\n\t\t\t<select name=\"form_fields[field_1a9d806]\" id=\"form-field-field_1a9d806\" class=\"elementor-field-textual elementor-size-sm\">\n\t\t\t\t\t\t\t\t\t<option value=\"V\u00fdber slu\u017eby*\">S\u00e9lection des services*<\/option>\n\t\t\t\t\t\t\t\t\t<option value=\"Zabezpe\u010denie pr\u00e1vnej \u010dinnosti\">Garantir des activit\u00e9s l\u00e9gales<\/option>\n\t\t\t\t\t\t\t\t\t<option value=\"Realitn\u00e1 \u010dinnos\u0165\">Activit\u00e9 immobili\u00e8re<\/option>\n\t\t\t\t\t\t\t\t\t<option value=\"Katastr\u00e1lne konania a z\u00e1pisy pr\u00e1v v oblasti nehnute\u013enost\u00ed\">Proc\u00e9dures cadastrales et enregistrement des droits dans le domaine de l'immobilier<\/option>\n\t\t\t\t\t\t\t\t\t<option value=\"Individu\u00e1lne spravovanie nehnute\u013en\u00e9ho majetku fyzick\u00fdch a pr\u00e1vnick\u00fdch os\u00f4b\">Gestion individuelle des biens immobiliers des personnes physiques et morales<\/option>\n\t\t\t\t\t\t\t\t\t<option value=\"Investovanie a development\">Investissements et d\u00e9veloppement<\/option>\n\t\t\t\t\t\t\t\t\t<option value=\"Projektov\u00fd in\u017einiering stavby\">Ing\u00e9nierie de projet construction<\/option>\n\t\t\t\t\t\t\t<\/select>\n\t\t<\/div>\n\t\t\t\t\t\t<\/div>\n\t\t\t\t\t\t\t\t<div class=\"elementor-field-type-textarea elementor-field-group elementor-column elementor-field-group-message elementor-col-100\">\n\t\t\t\t\t\t\t\t\t\t\t\t<label for=\"form-field-message\" class=\"elementor-field-label elementor-screen-only\">\n\t\t\t\t\t\t\t\tInformations plus d\u00e9taill\u00e9es\t\t\t\t\t\t\t<\/label>\n\t\t\t\t\t\t<textarea class=\"elementor-field-textual elementor-field  elementor-size-sm\" name=\"form_fields[message]\" id=\"form-field-message\" rows=\"4\" placeholder=\"Informations plus d\u00e9taill\u00e9es\"><\/textarea>\t\t\t\t<\/div>\n\t\t\t\t\t\t\t\t<div class=\"elementor-field-type-acceptance elementor-field-group elementor-column elementor-field-group-field_035184a elementor-col-75 elementor-md-100\">\n\t\t\t\t\t\t\t<div class=\"elementor-field-subgroup\">\n\t\t\t<span class=\"elementor-field-option\">\n\t\t\t\t<input type=\"checkbox\" name=\"form_fields[field_035184a]\" id=\"form-field-field_035184a\" class=\"elementor-field elementor-size-sm  elementor-acceptance-field\">\n\t\t\t\t<label for=\"form-field-field_035184a\">Conform\u00e9ment \u00e0 la loi n\u00b0 18\/2018 Coll. sur la protection des donn\u00e9es personnelles, j'accepte le traitement de mes donn\u00e9es personnelles dans le but de me contacter en raison de mon int\u00e9r\u00eat pr\u00e9liminaire pour une coop\u00e9ration avec votre entreprise.<br>\nLes champs marqu\u00e9s d'un * sont obligatoires.<\/label>\t\t\t<\/span>\n\t\t<\/div>\n\t\t\t\t\t\t<\/div>\n\t\t\t\t\t\t\t\t<div class=\"elementor-field-group elementor-column elementor-field-type-submit elementor-col-25 e-form__buttons elementor-md-100\">\n\t\t\t\t\t<button class=\"elementor-button elementor-size-sm\" type=\"submit\" id=\"button-flash-dark\">\n\t\t\t\t\t\t<span class=\"elementor-button-content-wrapper\">\n\t\t\t\t\t\t\t\t\t\t\t\t\t\t\t\t\t\t\t\t\t\t<span class=\"elementor-button-text\">Envoyer le formulaire<\/span>\n\t\t\t\t\t\t\t\t\t\t\t\t\t<\/span>\n\t\t\t\t\t<\/button>\n\t\t\t\t<\/div>\n\t\t\t<\/div>\n\t\t<input type=\"hidden\" name=\"trp-form-language\" value=\"fr\"\/><\/form>\n\t\t\t\t\t\t<\/div>\n\t\t\t\t<\/div>\n\t\t\t\t\t<\/div>\n\t\t\t\t<\/div>\n\t\t\t\t<\/div>","protected":false},"excerpt":{"rendered":"<p>Ako sa s nami spoji\u0165 Na\u0161a hotline N\u00e1\u0161 e-mail S\u00eddlo firmy Prev\u00e1dzka kancel\u00e1rie Oznam pre klientov V mieste prev\u00e1dzky na\u0161ej hlavnej kancel\u00e1rie prebieha v\u00fdstavba novej budovy, v ktorej budeme ma\u0165 po dokon\u010den\u00ed nov\u00e9, modern\u00e9 priestory. Predpokladan\u00fd term\u00edn n\u00e1vratu na uveden\u00fa adresu je 12\/2026. Adresa po n\u00e1vrate: Otv\u00e1racie hodiny Navigova\u0165 Nap\u00ed\u0161te n\u00e1m S\u00a0akouko\u013evek z\u00e1le\u017eitos\u0165ou v\u00a0oblasti, v\u00a0ktorej [&hellip;]<\/p>","protected":false},"author":1,"featured_media":1716,"parent":0,"menu_order":0,"comment_status":"closed","ping_status":"closed","template":"","meta":{"_acf_changed":false,"footnotes":""},"class_list":["post-291","page","type-page","status-publish","has-post-thumbnail","hentry"],"acf":[],"_links":{"self":[{"href":"https:\/\/henris-immo.sk\/fr\/wp-json\/wp\/v2\/pages\/291","targetHints":{"allow":["GET"]}}],"collection":[{"href":"https:\/\/henris-immo.sk\/fr\/wp-json\/wp\/v2\/pages"}],"about":[{"href":"https:\/\/henris-immo.sk\/fr\/wp-json\/wp\/v2\/types\/page"}],"author":[{"embeddable":true,"href":"https:\/\/henris-immo.sk\/fr\/wp-json\/wp\/v2\/users\/1"}],"replies":[{"embeddable":true,"href":"https:\/\/henris-immo.sk\/fr\/wp-json\/wp\/v2\/comments?post=291"}],"version-history":[{"count":116,"href":"https:\/\/henris-immo.sk\/fr\/wp-json\/wp\/v2\/pages\/291\/revisions"}],"predecessor-version":[{"id":2127,"href":"https:\/\/henris-immo.sk\/fr\/wp-json\/wp\/v2\/pages\/291\/revisions\/2127"}],"wp:featuredmedia":[{"embeddable":true,"href":"https:\/\/henris-immo.sk\/fr\/wp-json\/wp\/v2\/media\/1716"}],"wp:attachment":[{"href":"https:\/\/henris-immo.sk\/fr\/wp-json\/wp\/v2\/media?parent=291"}],"curies":[{"name":"wp","href":"https:\/\/api.w.org\/{rel}","templated":true}]}}